{"id":19038,"date":"2022-05-04T09:13:04","date_gmt":"2022-05-04T09:13:04","guid":{"rendered":"https:\/\/blendresorts.com\/teammitglied-3\/"},"modified":"2025-04-23T14:41:46","modified_gmt":"2025-04-23T14:41:46","slug":"teammitglied-3","status":"publish","type":"page","link":"https:\/\/blendresorts.com\/de\/teammitglied-3\/","title":{"rendered":"Teammitglied"},"content":{"rendered":"\t\t<div data-elementor-type=\"wp-page\" data-elementor-id=\"19038\" class=\"elementor elementor-19038 elementor-8903\" data-elementor-post-type=\"page\">\n\t\t\t\t\t\t<section data-section-luminosity=\"light\" class=\"elementor-section elementor-top-section elementor-element elementor-element-3cc9c4d9 elementor-section-boxed elementor-section-height-default elementor-section-height-default\" data-id=\"3cc9c4d9\" data-element_type=\"section\">\n\t\t\t\t\t\t<div class=\"elementor-container elementor-column-gap-extended\">\n\t\t\t\t\t<div class=\"elementor-column elementor-col-50 elementor-top-column elementor-element elementor-element-4c4c35cb\" data-id=\"4c4c35cb\" data-element_type=\"column\">\n\t\t\t<div class=\"elementor-widget-wrap elementor-element-populated\">\n\t\t\t\t\t\t<div class=\"elementor-element elementor-element-787c8719 elementor-widget elementor-widget-ld_fancy_image\" data-id=\"787c8719\" data-element_type=\"widget\" data-widget_type=\"ld_fancy_image.default\">\n\t\t\t\t<div class=\"elementor-widget-container\">\n\t\t\t\t\t\n\t\t\t<div class=\"lqd-imggrp-single d-inline-flex pos-rel align-items-center justify-content-center\"   >\n\n\t\t\t\t\n\t\t\t\t<div class=\"lqd-imggrp-img-container pos-rel\" >\n\n\t\t\t\t\t<figure\n\t\t\t\t\t\tclass=\"w-100 pos-rel\"\n\t\t\t\t\t\t\t\t\t\t\t\t\t\t\t\t\t>\n\t\t\t\t\t\t<img decoding=\"async\" src=\"https:\/\/staging.liquid-themes.com\/arc-adaptive\/wp-content\/uploads\/2022\/05\/Rectangle.jpg\" title=\"\" alt=\"\" loading=\"lazy\" \/>\t\t\t\t\t\t\t\t\t\t\t\t\t\t\t\t\t\t\t\t\t\t\t\t\t\t\t\t\t\t\t\t\t\t\t\t\t\t\t\t\t\t\t\t\t\t\t<\/figure>\n\n\t\t\t\t<\/div>\n\t\t\t<\/div>\n\n\t\t\t\t\t\t<\/div>\n\t\t\t\t<\/div>\n\t\t\t\t<div class=\"elementor-element elementor-element-852a4db elementor-widget elementor-widget-hub_fancy_heading\" data-id=\"852a4db\" data-element_type=\"widget\" data-widget_type=\"hub_fancy_heading.default\">\n\t\t\t\t<div class=\"elementor-widget-container\">\n\t\t\t\t\t\n\t\t<div id=\"ld-fancy-heading-69f71e2ddb446\" class=\"ld-fancy-heading pos-rel\">\n\t\t\t<h6 class=\"ld-fh-element d-inline-block pos-rel  elementor-heading-title lqd-highlight-classic lqd-highlight-grow-left h6\"  > Guten Tag, ich bin Daniel.<\/h6>\t\t<\/div>\n\n\t\t\t\t\t\t<\/div>\n\t\t\t\t<\/div>\n\t\t\t\t<div class=\"elementor-element elementor-element-2a01b3b5 elementor-widget elementor-widget-hub_fancy_heading\" data-id=\"2a01b3b5\" data-element_type=\"widget\" data-widget_type=\"hub_fancy_heading.default\">\n\t\t\t\t<div class=\"elementor-widget-container\">\n\t\t\t\t\t\n\t\t<div id=\"ld-fancy-heading-69f71e2ddbb95\" class=\"ld-fancy-heading pos-rel\">\n\t\t\t<h2 class=\"ld-fh-element d-inline-block pos-rel  elementor-heading-title lqd-highlight-classic lqd-highlight-grow-left h2\"  >  Daniel Kim<\/h2>\t\t<\/div>\n\n\t\t\t\t\t\t<\/div>\n\t\t\t\t<\/div>\n\t\t\t\t<div class=\"elementor-element elementor-element-22ce4f59 elementor-widget elementor-widget-hub_fancy_heading\" data-id=\"22ce4f59\" data-element_type=\"widget\" data-widget_type=\"hub_fancy_heading.default\">\n\t\t\t\t<div class=\"elementor-widget-container\">\n\t\t\t\t\t\n\t\t<div id=\"ld-fancy-heading-69f71e2ddc151\" class=\"ld-fancy-heading pos-rel\">\n\t\t\t<p class=\"ld-fh-element d-inline-block pos-rel  lqd-highlight-classic lqd-highlight-grow-left p\"  > Unser Verfahren wendet Techniken aus verschiedenen Disziplinen an, sch\u00e4tzt die Unterscheidung im Detail und legt sorgf\u00e4ltige Beachtung darauf. Unser Verfahren wendet Techniken aus verschiedenen Disziplinen an, sch\u00e4tzt die Unterscheidung im Detail und legt sorgf\u00e4ltige Beachtung darauf. <\/p>\t\t<\/div>\n\n\t\t\t\t\t\t<\/div>\n\t\t\t\t<\/div>\n\t\t\t\t<div class=\"elementor-element elementor-element-5d8c4e6d elementor-widget elementor-widget-hub_fancy_heading\" data-id=\"5d8c4e6d\" data-element_type=\"widget\" data-widget_type=\"hub_fancy_heading.default\">\n\t\t\t\t<div class=\"elementor-widget-container\">\n\t\t\t\t\t\n\t\t<div id=\"ld-fancy-heading-69f71e2ddc6e3\" class=\"ld-fancy-heading pos-rel\">\n\t\t\t<p class=\"ld-fh-element d-inline-block pos-rel  lqd-highlight-classic lqd-highlight-grow-left p\"  > Unser Verfahren wendet Techniken aus verschiedenen Disziplinen an, sch\u00e4tzt die Unterscheidung im Detail und legt sorgf\u00e4ltige Beachtung darauf.<\/p>\t\t<\/div>\n\n\t\t\t\t\t\t<\/div>\n\t\t\t\t<\/div>\n\t\t\t\t<div class=\"elementor-element elementor-element-247703f7 elementor-widget elementor-widget-hub_fancy_heading\" data-id=\"247703f7\" data-element_type=\"widget\" data-widget_type=\"hub_fancy_heading.default\">\n\t\t\t\t<div class=\"elementor-widget-container\">\n\t\t\t\t\t\n\t\t<div id=\"ld-fancy-heading-69f71e2ddcc59\" class=\"ld-fancy-heading pos-rel\">\n\t\t\t<p class=\"ld-fh-element d-inline-block pos-rel  lqd-highlight-classic lqd-highlight-grow-left p\"  > Ihr Unternehmen entwickelt <mark style=\"background: #fcf8e3\">erfolgreiche digitale Ideen<\/mark> und Strategien, die bedeutenden, gezielten Verkehr einbinden und konvertieren, entwickelt erfolgreiche digitale Ideen und Strategien, die bedeutenden, gezielten Verkehr einbinden und konvertieren.<\/p>\t\t<\/div>\n\n\t\t\t\t\t\t<\/div>\n\t\t\t\t<\/div>\n\t\t\t\t<div class=\"elementor-element elementor-element-1eae4485 elementor-widget elementor-widget-hub_fancy_heading\" data-id=\"1eae4485\" data-element_type=\"widget\" data-widget_type=\"hub_fancy_heading.default\">\n\t\t\t\t<div class=\"elementor-widget-container\">\n\t\t\t\t\t\n\t\t<div id=\"ld-fancy-heading-69f71e2ddd2f6\" class=\"ld-fancy-heading pos-rel\">\n\t\t\t<p class=\"ld-fh-element d-inline-block pos-rel  lqd-highlight-classic lqd-highlight-grow-left p\"  > Wir bef\u00fcrworten eine ganzheitliche Entwicklung und Unterst\u00fctzung mit dem Ziel, ein erstrangiger Arbeitgeber in unseren Sektoren zu sein.<\/p>\t\t<\/div>\n\n\t\t\t\t\t\t<\/div>\n\t\t\t\t<\/div>\n\t\t\t\t<div class=\"elementor-element elementor-element-88ffac8 elementor-widget elementor-widget-ld_tabs\" data-id=\"88ffac8\" data-element_type=\"widget\" data-widget_type=\"ld_tabs.default\">\n\t\t\t\t<div class=\"elementor-widget-container\">\n\t\t\t\t\t\t\t<div class=\"lqd-tabs lqd-tabs-style-7 lqd-tabs-nav-plain d-flex lqd-tabs-nav-items-not-expanded flex-column 88ffac8 lqd-nav-underline-default\" data-tabs-options='{\"trigger\":\"click\"}'>\n\t\t\n\t\t\t<nav class=\"lqd-tabs-nav-wrap mb-6\">\n\t\t\t\t<ul class=\"reset-ul lqd-tabs-nav d-flex align-items-center flex-wrap justify-content-start pos-rel\" role=\"tablist\"><li data-controls=\"lqd-tab-1431\" role=\"presentation\" class=\"elementor-repeater-item-a912e67 active mb-3\"><a class=\"d-flex align-items-center\" href=\"#lqd-tab-1431\" aria-expanded=\"false\" aria-controls=\"lqd-tab-1431\" role=\"tab\" data-toggle=\"tab\"><span class=\"lqd-tabs-nav-txt\">Biography<\/span><\/a><\/li><li data-controls=\"lqd-tab-1432\" role=\"presentation\" class=\"elementor-repeater-item-b770518 mb-3\"><a class=\"d-flex align-items-center\" href=\"#lqd-tab-1432\" aria-expanded=\"false\" aria-controls=\"lqd-tab-1432\" role=\"tab\" data-toggle=\"tab\"><span class=\"lqd-tabs-nav-txt\">Education<\/span><\/a><\/li><li data-controls=\"lqd-tab-1433\" role=\"presentation\" class=\"elementor-repeater-item-51ae905 mb-3\"><a class=\"d-flex align-items-center\" href=\"#lqd-tab-1433\" aria-expanded=\"false\" aria-controls=\"lqd-tab-1433\" role=\"tab\" data-toggle=\"tab\"><span class=\"lqd-tabs-nav-txt\">Awards<\/span><\/a><\/li><\/ul>\t\t\t\t \n\t\t\t<\/nav>\n\t\t\n\t\t\t<div class=\"lqd-tabs-content pos-rel\"><div id=\"lqd-tab-1431\" role=\"tabpanel\" class=\"lqd-tabs-pane fade active in\"><p>Their business to develop successful digital ideas and strategies that engage and convert significant, targeted traffic develop successful digital ideas and strategies that engage and convert significant, targeted traffic.<\/p><p>We embrace holistic development and support for the aim of being a first-choice employer within our sectors.<\/p><p>Our process applies techniques from a variety of disciplines distinction in detail and gives careful attention.<\/p><p>Their business to\u00a0<a href=\"https:\/\/lawyer.liquid-themes.com\/team-member-alex-martinez\/#\">develop successful<\/a>\u00a0digital ideas and strategies that engage and convert significant, targeted traffic develop successful digital ideas and strategies that engage and convert significant, targeted traffic.<\/p><p>We embrace holistic development and support for the aim of being a first-choice employer within our sectors.<\/p> <\/div><div id=\"lqd-tab-1432\" role=\"tabpanel\" class=\"lqd-tabs-pane fade\"><p>Their business to develop successful digital ideas and strategies that engage and convert significant, targeted traffic develop successful digital ideas and strategies that engage and convert significant, targeted traffic.<\/p><p>We embrace holistic development and support for the aim of being a first-choice employer within our sectors.<\/p><p>Our process applies techniques from a variety of disciplines distinction in detail and gives careful attention.<\/p><p>Their business to\u00a0<a href=\"https:\/\/lawyer.liquid-themes.com\/team-member-alex-martinez\/#\">develop successful<\/a>\u00a0digital ideas and strategies that engage and convert significant, targeted traffic develop successful digital ideas and strategies that engage and convert significant, targeted traffic.<\/p><p>We embrace holistic development and support for the aim of being a first-choice employer within our sectors.<\/p> <\/div><div id=\"lqd-tab-1433\" role=\"tabpanel\" class=\"lqd-tabs-pane fade\"><p>Their business to develop successful digital ideas and strategies that engage and convert significant, targeted traffic develop successful digital ideas and strategies that engage and convert significant, targeted traffic.<\/p><p>We embrace holistic development and support for the aim of being a first-choice employer within our sectors.<\/p><p>Our process applies techniques from a variety of disciplines distinction in detail and gives careful attention.<\/p><p>Their business to\u00a0<a href=\"https:\/\/lawyer.liquid-themes.com\/team-member-alex-martinez\/#\">develop successful<\/a>\u00a0digital ideas and strategies that engage and convert significant, targeted traffic develop successful digital ideas and strategies that engage and convert significant, targeted traffic.<\/p><p>We embrace holistic development and support for the aim of being a first-choice employer within our sectors.<\/p> <\/div><\/div>\t\t\n\t\t<\/div>\n\t\t\t\t\t<\/div>\n\t\t\t\t<\/div>\n\t\t\t\t\t<\/div>\n\t\t<\/div>\n\t\t\t\t<div class=\"lqd-css-sticky-column elementor-column elementor-col-50 elementor-top-column elementor-element elementor-element-36b2945c\" style=\"--lqd-sticky-offset:30px\" data-id=\"36b2945c\" data-element_type=\"column\">\n\t\t\t<div class=\"elementor-widget-wrap elementor-element-populated\">\n\t\t\t\t\t\t<section class=\"elementor-section elementor-inner-section elementor-element elementor-element-c1273dd elementor-section-boxed elementor-section-height-default elementor-section-height-default\" data-id=\"c1273dd\" data-element_type=\"section\" data-settings=\"{&quot;background_background&quot;:&quot;classic&quot;}\">\n\t\t\t\t\t\t<div class=\"elementor-container elementor-column-gap-default\">\n\t\t\t\t\t<div class=\"elementor-column elementor-col-100 elementor-inner-column elementor-element elementor-element-580b95c6\" data-id=\"580b95c6\" data-element_type=\"column\">\n\t\t\t<div class=\"elementor-widget-wrap elementor-element-populated\">\n\t\t\t\t\t\t<div class=\"elementor-element elementor-element-4ff80098 elementor-widget elementor-widget-hub_fancy_heading\" data-id=\"4ff80098\" data-element_type=\"widget\" data-widget_type=\"hub_fancy_heading.default\">\n\t\t\t\t<div class=\"elementor-widget-container\">\n\t\t\t\t\t\n\t\t<div id=\"ld-fancy-heading-69f71e2debb46\" class=\"ld-fancy-heading pos-rel\">\n\t\t\t<h6 class=\"ld-fh-element d-inline-block pos-rel  elementor-heading-title lqd-highlight-classic lqd-highlight-grow-left h6\"  > Senden Sie eine Nachricht<\/h6>\t\t<\/div>\n\n\t\t\t\t\t\t<\/div>\n\t\t\t\t<\/div>\n\t\t\t\t<div class=\"elementor-element elementor-element-1e3c034d elementor-widget elementor-widget-hub_fancy_heading\" data-id=\"1e3c034d\" data-element_type=\"widget\" data-widget_type=\"hub_fancy_heading.default\">\n\t\t\t\t<div class=\"elementor-widget-container\">\n\t\t\t\t\t\n\t\t<div id=\"ld-fancy-heading-69f71e2dec13c\" class=\"ld-fancy-heading pos-rel\">\n\t\t\t<h2 class=\"ld-fh-element d-inline-block pos-rel  elementor-heading-title lqd-highlight-classic lqd-highlight-grow-left h2\"  >  Kontaktieren Sie Daniel<\/h2>\t\t<\/div>\n\n\t\t\t\t\t\t<\/div>\n\t\t\t\t<\/div>\n\t\t\t\t<div class=\"elementor-element elementor-element-f7fd700 elementor-widget elementor-widget-hub_fancy_heading\" data-id=\"f7fd700\" data-element_type=\"widget\" data-widget_type=\"hub_fancy_heading.default\">\n\t\t\t\t<div class=\"elementor-widget-container\">\n\t\t\t\t\t\n\t\t<div id=\"ld-fancy-heading-69f71e2dec66d\" class=\"ld-fancy-heading pos-rel\">\n\t\t\t<p class=\"ld-fh-element d-inline-block pos-rel  lqd-highlight-classic lqd-highlight-grow-left p\"  > Der Prozess wendet Techniken aus verschiedenen Disziplinen an, legt Wert auf Detailgenauigkeit und schenkt sorgf\u00e4ltige<\/p>\t\t<\/div>\n\n\t\t\t\t\t\t<\/div>\n\t\t\t\t<\/div>\n\t\t\t\t\t<\/div>\n\t\t<\/div>\n\t\t\t\t<div class=\"elementor-column elementor-col-100 elementor-inner-column elementor-element elementor-element-30af7cdb\" data-id=\"30af7cdb\" data-element_type=\"column\" data-settings=\"{&quot;background_background&quot;:&quot;classic&quot;}\">\n\t\t\t<div class=\"elementor-widget-wrap elementor-element-populated\">\n\t\t\t\t\t\t<div class=\"elementor-element elementor-element-7d8ac094 elementor-widget__width-auto elementor-widget elementor-widget-hub_fancy_heading\" data-id=\"7d8ac094\" data-element_type=\"widget\" data-widget_type=\"hub_fancy_heading.default\">\n\t\t\t\t<div class=\"elementor-widget-container\">\n\t\t\t\t\t\n\t\t<div id=\"ld-fancy-heading-69f71e2decf36\" class=\"ld-fancy-heading pos-rel\">\n\t\t\t<h6 class=\"ld-fh-element d-inline-block pos-rel  elementor-heading-title lqd-highlight-classic lqd-highlight-grow-left h6\"  > Kontaktieren Sie uns direkt per E-Mail<\/h6>\t\t<\/div>\n\n\t\t\t\t\t\t<\/div>\n\t\t\t\t<\/div>\n\t\t\t\t<div class=\"elementor-element elementor-element-38896f5e elementor-widget__width-auto elementor-widget elementor-widget-hub_fancy_heading\" data-id=\"38896f5e\" data-element_type=\"widget\" data-widget_type=\"hub_fancy_heading.default\">\n\t\t\t\t<div class=\"elementor-widget-container\">\n\t\t\t\t\t\n\t\t<div id=\"ld-fancy-heading-69f71e2ded43e\" class=\"ld-fancy-heading pos-rel\">\n\t\t\t<h4 class=\"ld-fh-element d-inline-block pos-rel  elementor-heading-title lqd-highlight-classic lqd-highlight-grow-left h4\"  > info@liquid.com<\/h4>\t\t<\/div>\n\n\t\t\t\t\t\t<\/div>\n\t\t\t\t<\/div>\n\t\t\t\t\t<\/div>\n\t\t<\/div>\n\t\t\t\t<div class=\"elementor-column elementor-col-100 elementor-inner-column elementor-element elementor-element-142521f7\" data-id=\"142521f7\" data-element_type=\"column\" data-settings=\"{&quot;background_background&quot;:&quot;classic&quot;}\">\n\t\t\t<div class=\"elementor-widget-wrap elementor-element-populated\">\n\t\t\t\t\t\t<div class=\"elementor-element elementor-element-30b1cbda elementor-widget__width-auto elementor-widget elementor-widget-hub_fancy_heading\" data-id=\"30b1cbda\" data-element_type=\"widget\" data-widget_type=\"hub_fancy_heading.default\">\n\t\t\t\t<div class=\"elementor-widget-container\">\n\t\t\t\t\t\n\t\t<div id=\"ld-fancy-heading-69f71e2dedcc4\" class=\"ld-fancy-heading pos-rel\">\n\t\t\t<h6 class=\"ld-fh-element d-inline-block pos-rel  elementor-heading-title lqd-highlight-classic lqd-highlight-grow-left h6\"  > Rufen Sie uns direkt an<\/h6>\t\t<\/div>\n\n\t\t\t\t\t\t<\/div>\n\t\t\t\t<\/div>\n\t\t\t\t<div class=\"elementor-element elementor-element-1b80166f elementor-widget__width-auto elementor-widget elementor-widget-hub_fancy_heading\" data-id=\"1b80166f\" data-element_type=\"widget\" data-widget_type=\"hub_fancy_heading.default\">\n\t\t\t\t<div class=\"elementor-widget-container\">\n\t\t\t\t\t\n\t\t<div id=\"ld-fancy-heading-69f71e2dee305\" class=\"ld-fancy-heading pos-rel\">\n\t\t\t<h4 class=\"ld-fh-element d-inline-block pos-rel  elementor-heading-title lqd-highlight-classic lqd-highlight-grow-left h4\"  > (123) 567 8901<\/h4>\t\t<\/div>\n\n\t\t\t\t\t\t<\/div>\n\t\t\t\t<\/div>\n\t\t\t\t\t<\/div>\n\t\t<\/div>\n\t\t\t\t<div class=\"elementor-column elementor-col-100 elementor-inner-column elementor-element elementor-element-fc5263a\" data-id=\"fc5263a\" data-element_type=\"column\" data-settings=\"{&quot;background_background&quot;:&quot;classic&quot;}\">\n\t\t\t<div class=\"elementor-widget-wrap elementor-element-populated\">\n\t\t\t\t\t\t<div class=\"elementor-element elementor-element-3f72f7af elementor-shape-circle e-grid-align-left elementor-grid-0 elementor-widget elementor-widget-social-icons\" data-id=\"3f72f7af\" data-element_type=\"widget\" data-widget_type=\"social-icons.default\">\n\t\t\t\t<div class=\"elementor-widget-container\">\n\t\t\t\t\t\t\t<div class=\"elementor-social-icons-wrapper elementor-grid\" role=\"list\">\n\t\t\t\t\t\t\t<span class=\"elementor-grid-item\" role=\"listitem\">\n\t\t\t\t\t<a class=\"elementor-icon elementor-social-icon elementor-social-icon-linkedin elementor-repeater-item-62de3a2\" href=\"#\" target=\"_blank\">\n\t\t\t\t\t\t<span class=\"elementor-screen-only\">Linkedin<\/span>\n\t\t\t\t\t\t<i aria-hidden=\"true\" class=\"fab fa-linkedin\"><\/i>\t\t\t\t\t<\/a>\n\t\t\t\t<\/span>\n\t\t\t\t\t\t\t<span class=\"elementor-grid-item\" role=\"listitem\">\n\t\t\t\t\t<a class=\"elementor-icon elementor-social-icon elementor-social-icon-twitter elementor-repeater-item-d294e2f\" href=\"#\" target=\"_blank\">\n\t\t\t\t\t\t<span class=\"elementor-screen-only\">Twitter<\/span>\n\t\t\t\t\t\t<i aria-hidden=\"true\" class=\"fab fa-twitter\"><\/i>\t\t\t\t\t<\/a>\n\t\t\t\t<\/span>\n\t\t\t\t\t\t\t<span class=\"elementor-grid-item\" role=\"listitem\">\n\t\t\t\t\t<a class=\"elementor-icon elementor-social-icon elementor-social-icon-instagram elementor-repeater-item-aa2c723\" href=\"#\" target=\"_blank\">\n\t\t\t\t\t\t<span class=\"elementor-screen-only\">Instagram<\/span>\n\t\t\t\t\t\t<i aria-hidden=\"true\" class=\"fab fa-instagram\"><\/i>\t\t\t\t\t<\/a>\n\t\t\t\t<\/span>\n\t\t\t\t\t<\/div>\n\t\t\t\t\t\t<\/div>\n\t\t\t\t<\/div>\n\t\t\t\t\t<\/div>\n\t\t<\/div>\n\t\t\t\t\t<\/div>\n\t\t<\/section>\n\t\t\t\t\t<\/div>\n\t\t<\/div>\n\t\t\t\t\t<\/div>\n\t\t<\/section>\n\t\t\t\t<\/div>\n\t\t","protected":false},"excerpt":{"rendered":"<p>Guten Tag, ich bin Daniel. Daniel Kim Unser Verfahren wendet Techniken aus verschiedenen Disziplinen an, sch\u00e4tzt die Unterscheidung im Detail und legt sorgf\u00e4ltige Beachtung darauf. Unser Verfahren wendet Techniken aus verschiedenen Disziplinen an, sch\u00e4tzt die Unterscheidung im Detail und legt sorgf\u00e4ltige Beachtung darauf. Unser Verfahren wendet Techniken aus verschiedenen Disziplinen an, sch\u00e4tzt die Unterscheidung im [&hellip;]<\/p>\n","protected":false},"author":1,"featured_media":0,"parent":0,"menu_order":0,"comment_status":"closed","ping_status":"closed","template":"","meta":{"footnotes":""},"class_list":["post-19038","page","type-page","status-publish","hentry"],"_links":{"self":[{"href":"https:\/\/blendresorts.com\/de\/wp-json\/wp\/v2\/pages\/19038","targetHints":{"allow":["GET"]}}],"collection":[{"href":"https:\/\/blendresorts.com\/de\/wp-json\/wp\/v2\/pages"}],"about":[{"href":"https:\/\/blendresorts.com\/de\/wp-json\/wp\/v2\/types\/page"}],"author":[{"embeddable":true,"href":"https:\/\/blendresorts.com\/de\/wp-json\/wp\/v2\/users\/1"}],"replies":[{"embeddable":true,"href":"https:\/\/blendresorts.com\/de\/wp-json\/wp\/v2\/comments?post=19038"}],"version-history":[{"count":2,"href":"https:\/\/blendresorts.com\/de\/wp-json\/wp\/v2\/pages\/19038\/revisions"}],"predecessor-version":[{"id":19043,"href":"https:\/\/blendresorts.com\/de\/wp-json\/wp\/v2\/pages\/19038\/revisions\/19043"}],"wp:attachment":[{"href":"https:\/\/blendresorts.com\/de\/wp-json\/wp\/v2\/media?parent=19038"}],"curies":[{"name":"wp","href":"https:\/\/api.w.org\/{rel}","templated":true}]}}