{"id":18356,"date":"2024-01-20T05:56:10","date_gmt":"2024-01-20T03:56:10","guid":{"rendered":"https:\/\/blendresorts.com\/buch\/"},"modified":"2025-12-08T15:46:45","modified_gmt":"2025-12-08T13:46:45","slug":"buch","status":"publish","type":"page","link":"https:\/\/blendresorts.com\/de\/buch\/","title":{"rendered":"Buch"},"content":{"rendered":"\t\t<div data-elementor-type=\"wp-page\" data-elementor-id=\"18356\" class=\"elementor elementor-18356 elementor-14937\" data-elementor-post-type=\"page\">\n\t\t\t\t\t\t<section class=\"elementor-section elementor-top-section elementor-element elementor-element-df3be3d elementor-section-full_width elementor-section-height-default elementor-section-height-default\" data-id=\"df3be3d\" data-element_type=\"section\" data-settings=\"{&quot;background_background&quot;:&quot;classic&quot;}\">\n\t\t\t\t\t\t<div class=\"elementor-container elementor-column-gap-default\">\n\t\t\t\t\t<div class=\"elementor-column elementor-col-100 elementor-top-column elementor-element elementor-element-0a1d929\" data-id=\"0a1d929\" data-element_type=\"column\">\n\t\t\t<div class=\"elementor-widget-wrap\">\n\t\t\t\t\t\t\t<\/div>\n\t\t<\/div>\n\t\t\t\t\t<\/div>\n\t\t<\/section>\n\t\t\t\t<section class=\"elementor-section elementor-top-section elementor-element elementor-element-70c52da elementor-section-full_width elementor-section-height-default elementor-section-height-default\" data-id=\"70c52da\" data-element_type=\"section\">\n\t\t\t\t\t\t<div class=\"elementor-container elementor-column-gap-default\">\n\t\t\t\t\t<div class=\"elementor-column elementor-col-100 elementor-top-column elementor-element elementor-element-87db2bf\" data-id=\"87db2bf\" data-element_type=\"column\">\n\t\t\t<div class=\"elementor-widget-wrap elementor-element-populated\">\n\t\t\t\t\t\t<div class=\"elementor-element elementor-element-c367cd3 elementor-widget elementor-widget-heading\" data-id=\"c367cd3\" data-element_type=\"widget\" data-widget_type=\"heading.default\">\n\t\t\t\t<div class=\"elementor-widget-container\">\n\t\t\t\t\t<h2 class=\"elementor-heading-title elementor-size-default\">Jetzt buchen<\/h2>\t\t\t\t<\/div>\n\t\t\t\t<\/div>\n\t\t\t\t<div class=\"elementor-element elementor-element-e9587ee elementor-widget elementor-widget-text-editor\" data-id=\"e9587ee\" data-element_type=\"widget\" data-widget_type=\"text-editor.default\">\n\t\t\t\t<div class=\"elementor-widget-container\">\n\t\t\t\t\t\t\t\t\t<div class=\"page\" title=\"Seite 1\"><div class=\"section\"><div class=\"layoutArea\"><div class=\"column\"><p>Wir ersuchen Sie h\u00f6flichst, das untenstehende Formular auszuf\u00fcllen. Es w\u00e4re uns eine gro\u00dfe Freude, Ihre Reservierung per E-Mail zu verifizieren. Ihre Sorgfalt bei der Eingabe der Details wird au\u00dferordentlich gesch\u00e4tzt, um die Korrektheit Ihrer Reservierung sicherzustellen. <\/p><\/div><\/div><\/div><\/div>\t\t\t\t\t\t\t\t<\/div>\n\t\t\t\t<\/div>\n\t\t\t\t<div class=\"elementor-element elementor-element-bf80662 fluentform-widget-submit-button-right fluent-form-widget-step-header-yes fluent-form-widget-step-progressbar-yes fluentform-widget-submit-button-custom elementor-widget elementor-widget-fluent-form-widget\" data-id=\"bf80662\" data-element_type=\"widget\" data-widget_type=\"fluent-form-widget.default\">\n\t\t\t\t<div class=\"elementor-widget-container\">\n\t\t\t\t\t\n            <div class=\"fluentform-widget-wrapper fluentform-widget-align-default\">\n\n            \n            <div class='fluentform ff-default fluentform_wrapper_12 ffs_default_wrap'><form data-form_id=\"12\" id=\"fluentform_12\" class=\"frm-fluent-form fluent_form_12 ff-el-form-top ff_form_instance_12_1 ff-form-loading ffs_default\" data-form_instance=\"ff_form_instance_12_1\" method=\"POST\" ><fieldset  style=\"border: none!important;margin: 0!important;padding: 0!important;background-color: transparent!important;box-shadow: none!important;outline: none!important; min-inline-size: 100%;\">\n                    <legend class=\"ff_screen_reader_title\" style=\"display: block; margin: 0!important;padding: 0!important;height: 0!important;text-indent: -999999px;width: 0!important;overflow:hidden;\">Hotel Reservation Form (#12)<\/legend><input type='hidden' name='__fluent_form_embded_post_id' value='18356' \/><input type=\"hidden\" id=\"_fluentform_12_fluentformnonce\" name=\"_fluentform_12_fluentformnonce\" value=\"c7266aa119\" \/><input type=\"hidden\" name=\"_wp_http_referer\" value=\"\/de\/wp-json\/wp\/v2\/pages\/18356\" \/><div data-name=\"ff_cn_id_1\"  class='ff-t-container ff-column-container ff_columns_total_3  '><div class='ff-t-cell ff-t-column-1' style='flex-basis: 33.33%;'><div class='ff-el-group'><div class=\"ff-el-input--label ff-el-is-required asterisk-right\"><label for='ff_12_dropdown_5' aria-label=\"Prefix Name\">Prefix Name<\/label><\/div><div class='ff-el-input--content'><select name=\"dropdown_5\" id=\"ff_12_dropdown_5\" class=\"ff-el-form-control\" data-name=\"dropdown_5\" data-calc_value=\"0\"  aria-invalid=\"false\" aria-required=true><option value=\"\">- Select Name Title-<\/option><option value=\"Mr.\"  >Mr.<\/option><option value=\"Mrs.\"  >Mrs.<\/option><option value=\"Miss\"  >Miss<\/option><option value=\"Ms.\"  >Ms.<\/option><\/select><\/div><\/div><\/div><div class='ff-t-cell ff-t-column-2' style='flex-basis: 33.33%;'><div class='ff-el-group'><div class=\"ff-el-input--label ff-el-is-required asterisk-right\"><label for='ff_12_name_on_reservation' >Name on Reservation<\/label><\/div><div class='ff-el-input--content'><input type=\"text\" name=\"name_on_reservation\" class=\"ff-el-form-control\" placeholder=\"Name on Reservation\" data-name=\"name_on_reservation\" id=\"ff_12_name_on_reservation\"  aria-invalid=\"false\" aria-required=true><\/div><\/div><\/div><div class='ff-t-cell ff-t-column-3' style='flex-basis: 33.33%;'><div class='ff-el-group'><div class=\"ff-el-input--label ff-el-is-required asterisk-right\"><label for='ff_12_phone_number' aria-label=\"Phone Number\">Phone Number<\/label><\/div><div class='ff-el-input--content'><input name=\"phone_number\" class=\"ff-el-form-control ff-el-phone\" type=\"tel\" placeholder=\"Phone Number\" data-name=\"phone_number\" id=\"ff_12_phone_number\" inputmode=\"tel\"  aria-invalid='false' aria-required=true><\/div><\/div><\/div><\/div><div class='ff-el-group'><div class=\"ff-el-input--label ff-el-is-required asterisk-right\"><label for='ff_12_email_address' aria-label=\"Email Address\">Email Address<\/label><\/div><div class='ff-el-input--content'><input type=\"email\" name=\"email_address\" id=\"ff_12_email_address\" class=\"ff-el-form-control\" placeholder=\"Email Address\" data-name=\"email_address\"  aria-invalid=\"false\" aria-required=true><\/div><\/div><div class='ff-el-group'><div class=\"ff-el-input--label asterisk-right\"><label for='ff_12_additional_notes' aria-label=\"Additional Notes\">Additional Notes<\/label><\/div><div class='ff-el-input--content'><textarea aria-invalid=\"false\" aria-required=false name=\"additional_notes\" id=\"ff_12_additional_notes\" class=\"ff-el-form-control\" placeholder=\"Special needs, allergies, food preferences\" rows=\"3\" cols=\"2\" data-name=\"additional_notes\" ><\/textarea><\/div><\/div><div class='ff-el-group ff-text-left ff_submit_btn_wrapper'><button type=\"submit\" class=\"ff-btn ff-btn-submit ff-btn-md ff_btn_style\" >BOOK NOW<\/button><\/div><\/fieldset><\/form><div id='fluentform_12_errors' class='ff-errors-in-stack ff_form_instance_12_1 ff-form-loading_errors ff_form_instance_12_1_errors'><\/div><\/div>            <script type=\"text\/javascript\">\n                window.fluent_form_ff_form_instance_12_1 = {\"id\":\"12\",\"settings\":{\"layout\":{\"labelPlacement\":\"top\",\"asteriskPlacement\":\"asterisk-right\",\"helpMessagePlacement\":\"with_label\",\"errorMessagePlacement\":\"inline\",\"cssClassName\":\"\"},\"restrictions\":{\"denyEmptySubmission\":{\"enabled\":false}}},\"form_instance\":\"ff_form_instance_12_1\",\"form_id_selector\":\"fluentform_12\",\"rules\":{\"dropdown_5\":{\"required\":{\"value\":true,\"message\":\"Dieses Feld ist erforderlich\",\"global_message\":\"This field is required\",\"global\":true}},\"name_on_reservation\":{\"required\":{\"value\":true,\"message\":\"This field is required\",\"global\":false,\"global_message\":\"This field is required\"}},\"phone_number\":{\"required\":{\"value\":true,\"message\":\"This field is required\",\"global\":false,\"global_message\":\"This field is required\"},\"valid_phone_number\":{\"value\":false,\"message\":\"Phone number is not valid\",\"global\":false,\"global_message\":\"Phone number is not valid\"}},\"email_address\":{\"required\":{\"value\":true,\"message\":\"This field is required\",\"global\":false,\"global_message\":\"This field is required\"},\"email\":{\"value\":true,\"message\":\"This field must contain a valid email\",\"global\":false,\"global_message\":\"This field must contain a valid email\"}},\"additional_notes\":{\"required\":{\"value\":false,\"message\":\"This field is required\",\"global\":false,\"global_message\":\"This field is required\"}}},\"debounce_time\":300};\n                            <\/script>\n                        <\/div>\n\n            \t\t\t\t<\/div>\n\t\t\t\t<\/div>\n\t\t\t\t\t<\/div>\n\t\t<\/div>\n\t\t\t\t\t<\/div>\n\t\t<\/section>\n\t\t\t\t<section class=\"elementor-section elementor-top-section elementor-element elementor-element-2515fc0 elementor-section-full_width elementor-section-height-default elementor-section-height-default\" data-id=\"2515fc0\" data-element_type=\"section\">\n\t\t\t\t\t\t<div class=\"elementor-container elementor-column-gap-default\">\n\t\t\t\t\t<div class=\"elementor-column elementor-col-100 elementor-top-column elementor-element elementor-element-694ba79\" data-id=\"694ba79\" data-element_type=\"column\">\n\t\t\t<div class=\"elementor-widget-wrap elementor-element-populated\">\n\t\t\t\t\t\t<div class=\"elementor-element elementor-element-5a76802 elementor-widget elementor-widget-heading\" data-id=\"5a76802\" data-element_type=\"widget\" data-widget_type=\"heading.default\">\n\t\t\t\t<div class=\"elementor-widget-container\">\n\t\t\t\t\t<h2 class=\"elementor-heading-title elementor-size-default\">Finden Sie den Weg zu uns<\/h2>\t\t\t\t<\/div>\n\t\t\t\t<\/div>\n\t\t\t\t\t<\/div>\n\t\t<\/div>\n\t\t\t\t\t<\/div>\n\t\t<\/section>\n\t\t\t\t<section class=\"elementor-section elementor-top-section elementor-element elementor-element-35525c03 elementor-section-full_width elementor-section-height-default elementor-section-height-default\" data-id=\"35525c03\" data-element_type=\"section\" data-settings=\"{&quot;background_background&quot;:&quot;classic&quot;}\">\n\t\t\t\t\t\t<div class=\"elementor-container elementor-column-gap-no\">\n\t\t\t\t\t<div class=\"elementor-column elementor-col-100 elementor-top-column elementor-element elementor-element-2bf60c4b\" data-id=\"2bf60c4b\" data-element_type=\"column\">\n\t\t\t<div class=\"elementor-widget-wrap elementor-element-populated\">\n\t\t\t\t\t\t<div class=\"elementor-element elementor-element-22a6bfa1 elementor-widget elementor-widget-google_maps\" data-id=\"22a6bfa1\" data-element_type=\"widget\" data-widget_type=\"google_maps.default\">\n\t\t\t\t<div class=\"elementor-widget-container\">\n\t\t\t\t\t\t\t<div class=\"elementor-custom-embed\">\n\t\t\t<iframe loading=\"lazy\"\n\t\t\t\t\tsrc=\"https:\/\/maps.google.com\/maps?q=El%20Hegaz%20St%2C%20Al%20Matar%2C%20El%20Nozha%2C%20Cairo%20Governorate%204470702&#038;t=m&#038;z=18&#038;output=embed&#038;iwloc=near\"\n\t\t\t\t\ttitle=\"El Hegaz St, Al Matar, El Nozha, Cairo Governorate 4470702\"\n\t\t\t\t\taria-label=\"El Hegaz St, Al Matar, El Nozha, Cairo Governorate 4470702\"\n\t\t\t><\/iframe>\n\t\t<\/div>\n\t\t\t\t\t\t<\/div>\n\t\t\t\t<\/div>\n\t\t\t\t<section class=\"elementor-section elementor-inner-section elementor-element elementor-element-2cf6789f elementor-section-content-middle elementor-section-full_width elementor-section-height-default elementor-section-height-default\" data-id=\"2cf6789f\" data-element_type=\"section\" data-settings=\"{&quot;background_background&quot;:&quot;classic&quot;}\">\n\t\t\t\t\t\t<div class=\"elementor-container elementor-column-gap-default\">\n\t\t\t\t\t<div class=\"elementor-column elementor-col-25 elementor-inner-column elementor-element elementor-element-471975b6\" data-id=\"471975b6\" data-element_type=\"column\" data-settings=\"{&quot;background_background&quot;:&quot;classic&quot;}\">\n\t\t\t<div class=\"elementor-widget-wrap elementor-element-populated\">\n\t\t\t\t\t\t<div class=\"elementor-element elementor-element-487d6ce6 elementor-widget elementor-widget-heading\" data-id=\"487d6ce6\" data-element_type=\"widget\" data-widget_type=\"heading.default\">\n\t\t\t\t<div class=\"elementor-widget-container\">\n\t\t\t\t\t<h6 class=\"elementor-heading-title elementor-size-default\">Rufen Sie uns an<\/h6>\t\t\t\t<\/div>\n\t\t\t\t<\/div>\n\t\t\t\t<div class=\"elementor-element elementor-element-40ed5401 elementor-widget elementor-widget-text-editor\" data-id=\"40ed5401\" data-element_type=\"widget\" data-widget_type=\"text-editor.default\">\n\t\t\t\t<div class=\"elementor-widget-container\">\n\t\t\t\t\t\t\t\t\t<p>(+20)021812828<\/p>\t\t\t\t\t\t\t\t<\/div>\n\t\t\t\t<\/div>\n\t\t\t\t\t<\/div>\n\t\t<\/div>\n\t\t\t\t<div class=\"elementor-column elementor-col-25 elementor-inner-column elementor-element elementor-element-7db347a\" data-id=\"7db347a\" data-element_type=\"column\" data-settings=\"{&quot;background_background&quot;:&quot;classic&quot;}\">\n\t\t\t<div class=\"elementor-widget-wrap elementor-element-populated\">\n\t\t\t\t\t\t<div class=\"elementor-element elementor-element-1ee6eba elementor-widget elementor-widget-heading\" data-id=\"1ee6eba\" data-element_type=\"widget\" data-widget_type=\"heading.default\">\n\t\t\t\t<div class=\"elementor-widget-container\">\n\t\t\t\t\t<h6 class=\"elementor-heading-title elementor-size-default\">Eine Nachricht senden<\/h6>\t\t\t\t<\/div>\n\t\t\t\t<\/div>\n\t\t\t\t<div class=\"elementor-element elementor-element-6df3a81 elementor-widget elementor-widget-text-editor\" data-id=\"6df3a81\" data-element_type=\"widget\" data-widget_type=\"text-editor.default\">\n\t\t\t\t<div class=\"elementor-widget-container\">\n\t\t\t\t\t\t\t\t\t<p>info@blendresorts.com<\/p>\t\t\t\t\t\t\t\t<\/div>\n\t\t\t\t<\/div>\n\t\t\t\t\t<\/div>\n\t\t<\/div>\n\t\t\t\t<div class=\"elementor-column elementor-col-25 elementor-inner-column elementor-element elementor-element-353e840\" data-id=\"353e840\" data-element_type=\"column\" data-settings=\"{&quot;background_background&quot;:&quot;classic&quot;}\">\n\t\t\t<div class=\"elementor-widget-wrap elementor-element-populated\">\n\t\t\t\t\t\t<div class=\"elementor-element elementor-element-4a2c8697 elementor-widget elementor-widget-heading\" data-id=\"4a2c8697\" data-element_type=\"widget\" data-widget_type=\"heading.default\">\n\t\t\t\t<div class=\"elementor-widget-container\">\n\t\t\t\t\t<h6 class=\"elementor-heading-title elementor-size-default\">Finden Sie uns<\/h6>\t\t\t\t<\/div>\n\t\t\t\t<\/div>\n\t\t\t\t<div class=\"elementor-element elementor-element-3a7661c6 elementor-widget elementor-widget-text-editor\" data-id=\"3a7661c6\" data-element_type=\"widget\" data-widget_type=\"text-editor.default\">\n\t\t\t\t<div class=\"elementor-widget-container\">\n\t\t\t\t\t\t\t\t\t<p>30 Yousef Al Sahaby St., Heliopolis, Kairo, \u00c4gypten<\/p>\t\t\t\t\t\t\t\t<\/div>\n\t\t\t\t<\/div>\n\t\t\t\t\t<\/div>\n\t\t<\/div>\n\t\t\t\t<div class=\"elementor-column elementor-col-25 elementor-inner-column elementor-element elementor-element-77a0e9b\" data-id=\"77a0e9b\" data-element_type=\"column\" data-settings=\"{&quot;background_background&quot;:&quot;classic&quot;}\">\n\t\t\t<div class=\"elementor-widget-wrap elementor-element-populated\">\n\t\t\t\t\t\t<div class=\"elementor-element elementor-element-7bad0ad2 elementor-widget elementor-widget-heading\" data-id=\"7bad0ad2\" data-element_type=\"widget\" data-widget_type=\"heading.default\">\n\t\t\t\t<div class=\"elementor-widget-container\">\n\t\t\t\t\t<h6 class=\"elementor-heading-title elementor-size-default\">Kontaktieren Sie uns<\/h6>\t\t\t\t<\/div>\n\t\t\t\t<\/div>\n\t\t\t\t\t<\/div>\n\t\t<\/div>\n\t\t\t\t\t<\/div>\n\t\t<\/section>\n\t\t\t\t\t<\/div>\n\t\t<\/div>\n\t\t\t\t\t<\/div>\n\t\t<\/section>\n\t\t\t\t<\/div>\n\t\t","protected":false},"excerpt":{"rendered":"<p>Jetzt buchen Wir ersuchen Sie h\u00f6flichst, das untenstehende Formular auszuf\u00fcllen. Es w\u00e4re uns eine gro\u00dfe Freude, Ihre Reservierung per E-Mail zu verifizieren. Ihre Sorgfalt bei der Eingabe der Details wird au\u00dferordentlich gesch\u00e4tzt, um die Korrektheit Ihrer Reservierung sicherzustellen. Hotel Reservation Form (#12) Prefix Name&#8211; Select Name Title-Mr.Mrs.MissMs.Name on ReservationPhone NumberEmail AddressAdditional NotesBOOK NOW Finden Sie [&hellip;]<\/p>\n","protected":false},"author":2,"featured_media":0,"parent":0,"menu_order":0,"comment_status":"closed","ping_status":"closed","template":"","meta":{"footnotes":""},"class_list":["post-18356","page","type-page","status-publish","hentry"],"_links":{"self":[{"href":"https:\/\/blendresorts.com\/de\/wp-json\/wp\/v2\/pages\/18356","targetHints":{"allow":["GET"]}}],"collection":[{"href":"https:\/\/blendresorts.com\/de\/wp-json\/wp\/v2\/pages"}],"about":[{"href":"https:\/\/blendresorts.com\/de\/wp-json\/wp\/v2\/types\/page"}],"author":[{"embeddable":true,"href":"https:\/\/blendresorts.com\/de\/wp-json\/wp\/v2\/users\/2"}],"replies":[{"embeddable":true,"href":"https:\/\/blendresorts.com\/de\/wp-json\/wp\/v2\/comments?post=18356"}],"version-history":[{"count":8,"href":"https:\/\/blendresorts.com\/de\/wp-json\/wp\/v2\/pages\/18356\/revisions"}],"predecessor-version":[{"id":35489,"href":"https:\/\/blendresorts.com\/de\/wp-json\/wp\/v2\/pages\/18356\/revisions\/35489"}],"wp:attachment":[{"href":"https:\/\/blendresorts.com\/de\/wp-json\/wp\/v2\/media?parent=18356"}],"curies":[{"name":"wp","href":"https:\/\/api.w.org\/{rel}","templated":true}]}}